{"id":31,"date":"2025-09-08T11:10:11","date_gmt":"2025-09-08T09:10:11","guid":{"rendered":"http:\/\/localhost:8888\/?page_id=31"},"modified":"2026-03-16T07:54:00","modified_gmt":"2026-03-16T06:54:00","slug":"ueber-uns","status":"publish","type":"page","link":"https:\/\/druckerei-kempf.de\/index.php\/ueber-uns\/","title":{"rendered":"\u00dcber Uns"},"content":{"rendered":"\t\t<div data-elementor-type=\"wp-page\" data-elementor-id=\"31\" class=\"elementor elementor-31\">\n\t\t\t\t<div class=\"elementor-element elementor-element-0777f43 e-flex e-con-boxed e-con e-parent\" data-id=\"0777f43\" data-element_type=\"container\" data-e-type=\"container\">\n\t\t\t\t\t<div class=\"e-con-inner\">\n\t\t\t\t<div class=\"elementor-element elementor-element-ea1d74e elementor-widget elementor-widget-heading\" data-id=\"ea1d74e\" data-element_type=\"widget\" data-e-type=\"widget\" data-settings=\"{&quot;_animation&quot;:&quot;none&quot;,&quot;_animation_mobile&quot;:&quot;none&quot;}\" data-widget_type=\"heading.default\">\n\t\t\t\t\t<h3 class=\"elementor-heading-title elementor-size-default\">\u00dcber uns <\/h3>\t\t\t\t<\/div>\n\t\t\t\t\t<\/div>\n\t\t\t\t<\/div>\n\t\t<div class=\"elementor-element elementor-element-c6ad565 e-flex e-con-boxed e-con e-parent\" data-id=\"c6ad565\" data-element_type=\"container\" data-e-type=\"container\">\n\t\t\t\t\t<div class=\"e-con-inner\">\n\t\t\t\t<div class=\"elementor-element elementor-element-3955163 elementor-widget elementor-widget-text-editor\" data-id=\"3955163\" data-element_type=\"widget\" data-e-type=\"widget\" data-widget_type=\"text-editor.default\">\n\t\t\t\t\t\t\t\t\t<p>Unsere Druckerei Kempf ist seit <strong>30 Jahren<\/strong> eine verl\u00e4ssliche und regionale Druckerei, die auf langj\u00e4hrige Erfahrungen setzt. Hier \u2013 in der Umgebung Rh\u00f6n \u2013 sind wir als sogenannte \u201e<strong>Hausdruckerei<\/strong>\u201c mit Vielf\u00e4ltigkeit bekannt. Denn wir bieten nicht nur langj\u00e4hrige Erfahrung, sondern setzen auch auf unsere engen Kundenbeziehungen, die wir schon seit Jahren pflegen. Kundenn\u00e4he bedeutet f\u00fcr uns n\u00e4mlich eine Zusammenarbeit, bei der sich alle Partien wohlf\u00fchlen und eine echte Stimme bekommen \u2013 so, dass alle Prozesse ineinandergreifen.<\/p>\t\t\t\t\t\t\t\t<\/div>\n\t\t\t\t\t<\/div>\n\t\t\t\t<\/div>\n\t\t<div class=\"elementor-element elementor-element-365218c e-flex e-con-boxed e-con e-parent\" data-id=\"365218c\" data-element_type=\"container\" data-e-type=\"container\">\n\t\t\t\t\t<div class=\"e-con-inner\">\n\t\t<div class=\"elementor-element elementor-element-fd90310 e-con-full e-flex e-con e-child\" data-id=\"fd90310\" data-element_type=\"container\" data-e-type=\"container\">\n\t\t\t\t<div class=\"elementor-element elementor-element-b0af754 elementor-invisible elementor-widget elementor-widget-image\" data-id=\"b0af754\" data-element_type=\"widget\" data-e-type=\"widget\" data-settings=\"{&quot;_animation&quot;:&quot;fadeInLeft&quot;}\" data-widget_type=\"image.default\">\n\t\t\t\t\t\t\t\t\t\t\t\t\t\t\t<img fetchpriority=\"high\" decoding=\"async\" data-attachment-id=\"1402\" data-permalink=\"https:\/\/druckerei-kempf.de\/index.php\/ueber-uns\/ein-knollenformiger-see-inmitten-eines-uppigen-waldes-der-frische-ideen-erfindungsreichtum-und-kreativitat-bei-der-losung-von-umweltproblemen-symbolisiert-3d-rendering\/\" data-orig-file=\"https:\/\/i0.wp.com\/druckerei-kempf.de\/wp-content\/uploads\/2025\/10\/ein-knollenformiger-see-inmitten-eines-uppigen-waldes-der-frische-ideen-erfindungsreichtum-und-kreativitat-bei-der-losung-von-umweltproblemen-symbolisiert-3d-rendering-scaled.jpg?fit=2560%2C1707&amp;ssl=1\" data-orig-size=\"2560,1707\" data-comments-opened=\"1\" data-image-meta=\"{&quot;aperture&quot;:&quot;0&quot;,&quot;credit&quot;:&quot;&quot;,&quot;camera&quot;:&quot;&quot;,&quot;caption&quot;:&quot;&quot;,&quot;created_timestamp&quot;:&quot;0&quot;,&quot;copyright&quot;:&quot;&quot;,&quot;focal_length&quot;:&quot;0&quot;,&quot;iso&quot;:&quot;0&quot;,&quot;shutter_speed&quot;:&quot;0&quot;,&quot;title&quot;:&quot;&quot;,&quot;orientation&quot;:&quot;0&quot;}\" data-image-title=\"ein-knollenformiger-see-inmitten-eines-uppigen-waldes-der-frische-ideen-erfindungsreichtum-und-kreativitat-bei-der-losung-von-umweltproblemen-symbolisiert-3d-rendering\" data-image-description=\"\" data-image-caption=\"\" data-large-file=\"https:\/\/i0.wp.com\/druckerei-kempf.de\/wp-content\/uploads\/2025\/10\/ein-knollenformiger-see-inmitten-eines-uppigen-waldes-der-frische-ideen-erfindungsreichtum-und-kreativitat-bei-der-losung-von-umweltproblemen-symbolisiert-3d-rendering-scaled.jpg?fit=1024%2C683&amp;ssl=1\" width=\"2560\" height=\"1707\" src=\"https:\/\/i0.wp.com\/druckerei-kempf.de\/wp-content\/uploads\/2025\/10\/ein-knollenformiger-see-inmitten-eines-uppigen-waldes-der-frische-ideen-erfindungsreichtum-und-kreativitat-bei-der-losung-von-umweltproblemen-symbolisiert-3d-rendering-scaled.jpg?fit=2560%2C1707&amp;ssl=1\" class=\"attachment-full size-full wp-image-1402\" alt=\"\" srcset=\"https:\/\/i0.wp.com\/druckerei-kempf.de\/wp-content\/uploads\/2025\/10\/ein-knollenformiger-see-inmitten-eines-uppigen-waldes-der-frische-ideen-erfindungsreichtum-und-kreativitat-bei-der-losung-von-umweltproblemen-symbolisiert-3d-rendering-scaled.jpg?w=2560&amp;ssl=1 2560w, https:\/\/i0.wp.com\/druckerei-kempf.de\/wp-content\/uploads\/2025\/10\/ein-knollenformiger-see-inmitten-eines-uppigen-waldes-der-frische-ideen-erfindungsreichtum-und-kreativitat-bei-der-losung-von-umweltproblemen-symbolisiert-3d-rendering-scaled.jpg?resize=300%2C200&amp;ssl=1 300w, https:\/\/i0.wp.com\/druckerei-kempf.de\/wp-content\/uploads\/2025\/10\/ein-knollenformiger-see-inmitten-eines-uppigen-waldes-der-frische-ideen-erfindungsreichtum-und-kreativitat-bei-der-losung-von-umweltproblemen-symbolisiert-3d-rendering-scaled.jpg?resize=1024%2C683&amp;ssl=1 1024w, https:\/\/i0.wp.com\/druckerei-kempf.de\/wp-content\/uploads\/2025\/10\/ein-knollenformiger-see-inmitten-eines-uppigen-waldes-der-frische-ideen-erfindungsreichtum-und-kreativitat-bei-der-losung-von-umweltproblemen-symbolisiert-3d-rendering-scaled.jpg?resize=768%2C512&amp;ssl=1 768w, https:\/\/i0.wp.com\/druckerei-kempf.de\/wp-content\/uploads\/2025\/10\/ein-knollenformiger-see-inmitten-eines-uppigen-waldes-der-frische-ideen-erfindungsreichtum-und-kreativitat-bei-der-losung-von-umweltproblemen-symbolisiert-3d-rendering-scaled.jpg?resize=1536%2C1024&amp;ssl=1 1536w, https:\/\/i0.wp.com\/druckerei-kempf.de\/wp-content\/uploads\/2025\/10\/ein-knollenformiger-see-inmitten-eines-uppigen-waldes-der-frische-ideen-erfindungsreichtum-und-kreativitat-bei-der-losung-von-umweltproblemen-symbolisiert-3d-rendering-scaled.jpg?resize=2048%2C1365&amp;ssl=1 2048w, https:\/\/i0.wp.com\/druckerei-kempf.de\/wp-content\/uploads\/2025\/10\/ein-knollenformiger-see-inmitten-eines-uppigen-waldes-der-frische-ideen-erfindungsreichtum-und-kreativitat-bei-der-losung-von-umweltproblemen-symbolisiert-3d-rendering-scaled.jpg?w=2400&amp;ssl=1 2400w\" sizes=\"(max-width: 1200px) 100vw, 1200px\" data-attachment-id=\"1402\" data-permalink=\"https:\/\/druckerei-kempf.de\/index.php\/ueber-uns\/ein-knollenformiger-see-inmitten-eines-uppigen-waldes-der-frische-ideen-erfindungsreichtum-und-kreativitat-bei-der-losung-von-umweltproblemen-symbolisiert-3d-rendering\/\" data-orig-file=\"https:\/\/i0.wp.com\/druckerei-kempf.de\/wp-content\/uploads\/2025\/10\/ein-knollenformiger-see-inmitten-eines-uppigen-waldes-der-frische-ideen-erfindungsreichtum-und-kreativitat-bei-der-losung-von-umweltproblemen-symbolisiert-3d-rendering-scaled.jpg?fit=2560%2C1707&amp;ssl=1\" data-orig-size=\"2560,1707\" data-comments-opened=\"1\" data-image-meta=\"{&quot;aperture&quot;:&quot;0&quot;,&quot;credit&quot;:&quot;&quot;,&quot;camera&quot;:&quot;&quot;,&quot;caption&quot;:&quot;&quot;,&quot;created_timestamp&quot;:&quot;0&quot;,&quot;copyright&quot;:&quot;&quot;,&quot;focal_length&quot;:&quot;0&quot;,&quot;iso&quot;:&quot;0&quot;,&quot;shutter_speed&quot;:&quot;0&quot;,&quot;title&quot;:&quot;&quot;,&quot;orientation&quot;:&quot;0&quot;}\" data-image-title=\"ein-knollenformiger-see-inmitten-eines-uppigen-waldes-der-frische-ideen-erfindungsreichtum-und-kreativitat-bei-der-losung-von-umweltproblemen-symbolisiert-3d-rendering\" data-image-description=\"\" data-image-caption=\"\" data-large-file=\"https:\/\/i0.wp.com\/druckerei-kempf.de\/wp-content\/uploads\/2025\/10\/ein-knollenformiger-see-inmitten-eines-uppigen-waldes-der-frische-ideen-erfindungsreichtum-und-kreativitat-bei-der-losung-von-umweltproblemen-symbolisiert-3d-rendering-scaled.jpg?fit=1024%2C683&amp;ssl=1\" \/>\t\t\t\t\t\t\t\t\t\t\t\t\t\t\t<\/div>\n\t\t\t\t<\/div>\n\t\t<div class=\"elementor-element elementor-element-5fc6daa e-con-full e-flex e-con e-child\" data-id=\"5fc6daa\" data-element_type=\"container\" data-e-type=\"container\">\n\t\t\t\t<div class=\"elementor-element elementor-element-da725f7 elementor-invisible elementor-widget elementor-widget-heading\" data-id=\"da725f7\" data-element_type=\"widget\" data-e-type=\"widget\" data-settings=\"{&quot;_animation&quot;:&quot;fadeInRight&quot;}\" data-widget_type=\"heading.default\">\n\t\t\t\t\t<h3 class=\"elementor-heading-title elementor-size-default\">Alles aus einer Hand<\/h3>\t\t\t\t<\/div>\n\t\t\t\t<div class=\"elementor-element elementor-element-ebceb65 elementor-widget elementor-widget-text-editor\" data-id=\"ebceb65\" data-element_type=\"widget\" data-e-type=\"widget\" data-widget_type=\"text-editor.default\">\n\t\t\t\t\t\t\t\t\t<p>Und so wie wir auf unser Zusammenspiel achten, wird auch das Wort \u201e<strong>SERVICE<\/strong>\u201c bei uns gro\u00dfgeschrieben. Es leitet sich aus unserem Hausspruch \u201e<strong>Alles aus einer Hand<\/strong>\u201c ab: \u00a0<br \/>Denn wir achten stets darauf, dass wir nicht nur flexibel f\u00fcr unsere Kunden sind, eine breite Auswahl an Produkten und individuelle Herstellungen zur Verf\u00fcgung stellen, sondern auch eine Qualit\u00e4t liefern, die alle Beteiligten rundum zufrieden stellt.<\/p>\t\t\t\t\t\t\t\t<\/div>\n\t\t\t\t<\/div>\n\t\t\t\t\t<\/div>\n\t\t\t\t<\/div>\n\t\t<div class=\"elementor-element elementor-element-b7c96df e-flex e-con-boxed e-con e-parent\" data-id=\"b7c96df\" data-element_type=\"container\" data-e-type=\"container\">\n\t\t\t\t\t<div class=\"e-con-inner\">\n\t\t\t\t<div class=\"elementor-element elementor-element-43df266 elementor-hidden-desktop elementor-hidden-tablet elementor-widget elementor-widget-heading\" data-id=\"43df266\" data-element_type=\"widget\" data-e-type=\"widget\" data-widget_type=\"heading.default\">\n\t\t\t\t\t<h2 class=\"elementor-heading-title elementor-size-default\">Nach-\nhaltigkeit<\/h2>\t\t\t\t<\/div>\n\t\t\t\t\t<\/div>\n\t\t\t\t<\/div>\n\t\t<div class=\"elementor-element elementor-element-2104933 e-flex e-con-boxed e-con e-parent\" data-id=\"2104933\" data-element_type=\"container\" data-e-type=\"container\">\n\t\t\t\t\t<div class=\"e-con-inner\">\n\t\t\t\t<div class=\"elementor-element elementor-element-8fd1da8 elementor-hidden-mobile elementor-invisible elementor-widget elementor-widget-heading\" data-id=\"8fd1da8\" data-element_type=\"widget\" data-e-type=\"widget\" data-settings=\"{&quot;_animation&quot;:&quot;fadeInLeft&quot;}\" data-widget_type=\"heading.default\">\n\t\t\t\t\t<h3 class=\"elementor-heading-title elementor-size-default\">Nachhaltigkeit<\/h3>\t\t\t\t<\/div>\n\t\t\t\t<div class=\"elementor-element elementor-element-0ce7120 elementor-widget elementor-widget-text-editor\" data-id=\"0ce7120\" data-element_type=\"widget\" data-e-type=\"widget\" data-widget_type=\"text-editor.default\">\n\t\t\t\t\t\t\t\t\t<p>Auch das Thema \u201e<strong>Nachhaltigkeit<\/strong>\u201c begleitet uns schon eine ganze Weile \u2013 bevor es \u00fcberhaupt zum Trend geworden ist. Denn wir setzen schon seit vielen Jahren auf naturhaltige Papiere, recycelbare Materialien \u2013 alles rundum Papiere, Textilien, Garn, Folien u. v. m. -, sowie auch auf erneuerbare Energien. Zudem verwenden wir lebensmittelunbedenkliche und migrationsfreie Farben.<\/p>\t\t\t\t\t\t\t\t<\/div>\n\t\t\t\t\t<\/div>\n\t\t\t\t<\/div>\n\t\t<div class=\"elementor-element elementor-element-a093975 e-flex e-con-boxed e-con e-parent\" data-id=\"a093975\" data-element_type=\"container\" data-e-type=\"container\">\n\t\t\t\t\t<div class=\"e-con-inner\">\n\t\t<div class=\"elementor-element elementor-element-d53be7f e-con-full e-flex e-con e-child\" data-id=\"d53be7f\" data-element_type=\"container\" data-e-type=\"container\">\n\t\t\t\t<div class=\"elementor-element elementor-element-8d3dfdc elementor-widget elementor-widget-text-editor\" data-id=\"8d3dfdc\" data-element_type=\"widget\" data-e-type=\"widget\" data-widget_type=\"text-editor.default\">\n\t\t\t\t\t\t\t\t\t<p>Und auch wenn der Online-Markt stetig w\u00e4chst, sind wir immer noch mit klaren Unterschieden f\u00fcr Euch vor Ort. Denn eine umfassende pers\u00f6nliche Beratung, sorgf\u00e4ltigen Service und die M\u00f6glichkeit Expressauftr\u00e4ge flexibel anzubieten, liegt im gemeinsamen Interesse unserer Kunden und ebenfalls von uns.<\/p>\t\t\t\t\t\t\t\t<\/div>\n\t\t\t\t<\/div>\n\t\t<div class=\"elementor-element elementor-element-e5d15c3 e-con-full e-flex e-con e-child\" data-id=\"e5d15c3\" data-element_type=\"container\" data-e-type=\"container\">\n\t\t\t\t<div class=\"elementor-element elementor-element-629645a elementor-invisible elementor-widget elementor-widget-image\" data-id=\"629645a\" data-element_type=\"widget\" data-e-type=\"widget\" data-settings=\"{&quot;_animation&quot;:&quot;fadeInRight&quot;}\" data-widget_type=\"image.default\">\n\t\t\t\t\t\t\t\t\t\t\t\t\t\t\t<img decoding=\"async\" data-attachment-id=\"1416\" data-permalink=\"https:\/\/druckerei-kempf.de\/index.php\/ueber-uns\/sprechblase-aus-recyclingpapier-mit-grunen-blattern-im-inneren\/\" data-orig-file=\"https:\/\/i0.wp.com\/druckerei-kempf.de\/wp-content\/uploads\/2025\/10\/sprechblase-aus-recyclingpapier-mit-grunen-blattern-im-inneren-scaled.jpg?fit=2560%2C1707&amp;ssl=1\" data-orig-size=\"2560,1707\" data-comments-opened=\"1\" data-image-meta=\"{&quot;aperture&quot;:&quot;0&quot;,&quot;credit&quot;:&quot;&quot;,&quot;camera&quot;:&quot;&quot;,&quot;caption&quot;:&quot;&quot;,&quot;created_timestamp&quot;:&quot;0&quot;,&quot;copyright&quot;:&quot;&quot;,&quot;focal_length&quot;:&quot;0&quot;,&quot;iso&quot;:&quot;0&quot;,&quot;shutter_speed&quot;:&quot;0&quot;,&quot;title&quot;:&quot;&quot;,&quot;orientation&quot;:&quot;0&quot;}\" data-image-title=\"sprechblase-aus-recyclingpapier-mit-grunen-blattern-im-inneren\" data-image-description=\"\" data-image-caption=\"\" data-large-file=\"https:\/\/i0.wp.com\/druckerei-kempf.de\/wp-content\/uploads\/2025\/10\/sprechblase-aus-recyclingpapier-mit-grunen-blattern-im-inneren-scaled.jpg?fit=1024%2C683&amp;ssl=1\" width=\"2560\" height=\"1707\" src=\"https:\/\/i0.wp.com\/druckerei-kempf.de\/wp-content\/uploads\/2025\/10\/sprechblase-aus-recyclingpapier-mit-grunen-blattern-im-inneren-scaled.jpg?fit=2560%2C1707&amp;ssl=1\" class=\"attachment-full size-full wp-image-1416\" alt=\"\" srcset=\"https:\/\/i0.wp.com\/druckerei-kempf.de\/wp-content\/uploads\/2025\/10\/sprechblase-aus-recyclingpapier-mit-grunen-blattern-im-inneren-scaled.jpg?w=2560&amp;ssl=1 2560w, https:\/\/i0.wp.com\/druckerei-kempf.de\/wp-content\/uploads\/2025\/10\/sprechblase-aus-recyclingpapier-mit-grunen-blattern-im-inneren-scaled.jpg?resize=300%2C200&amp;ssl=1 300w, https:\/\/i0.wp.com\/druckerei-kempf.de\/wp-content\/uploads\/2025\/10\/sprechblase-aus-recyclingpapier-mit-grunen-blattern-im-inneren-scaled.jpg?resize=1024%2C683&amp;ssl=1 1024w, https:\/\/i0.wp.com\/druckerei-kempf.de\/wp-content\/uploads\/2025\/10\/sprechblase-aus-recyclingpapier-mit-grunen-blattern-im-inneren-scaled.jpg?resize=768%2C512&amp;ssl=1 768w, https:\/\/i0.wp.com\/druckerei-kempf.de\/wp-content\/uploads\/2025\/10\/sprechblase-aus-recyclingpapier-mit-grunen-blattern-im-inneren-scaled.jpg?resize=1536%2C1024&amp;ssl=1 1536w, https:\/\/i0.wp.com\/druckerei-kempf.de\/wp-content\/uploads\/2025\/10\/sprechblase-aus-recyclingpapier-mit-grunen-blattern-im-inneren-scaled.jpg?resize=2048%2C1365&amp;ssl=1 2048w, https:\/\/i0.wp.com\/druckerei-kempf.de\/wp-content\/uploads\/2025\/10\/sprechblase-aus-recyclingpapier-mit-grunen-blattern-im-inneren-scaled.jpg?w=2400&amp;ssl=1 2400w\" sizes=\"(max-width: 1200px) 100vw, 1200px\" data-attachment-id=\"1416\" data-permalink=\"https:\/\/druckerei-kempf.de\/index.php\/ueber-uns\/sprechblase-aus-recyclingpapier-mit-grunen-blattern-im-inneren\/\" data-orig-file=\"https:\/\/i0.wp.com\/druckerei-kempf.de\/wp-content\/uploads\/2025\/10\/sprechblase-aus-recyclingpapier-mit-grunen-blattern-im-inneren-scaled.jpg?fit=2560%2C1707&amp;ssl=1\" data-orig-size=\"2560,1707\" data-comments-opened=\"1\" data-image-meta=\"{&quot;aperture&quot;:&quot;0&quot;,&quot;credit&quot;:&quot;&quot;,&quot;camera&quot;:&quot;&quot;,&quot;caption&quot;:&quot;&quot;,&quot;created_timestamp&quot;:&quot;0&quot;,&quot;copyright&quot;:&quot;&quot;,&quot;focal_length&quot;:&quot;0&quot;,&quot;iso&quot;:&quot;0&quot;,&quot;shutter_speed&quot;:&quot;0&quot;,&quot;title&quot;:&quot;&quot;,&quot;orientation&quot;:&quot;0&quot;}\" data-image-title=\"sprechblase-aus-recyclingpapier-mit-grunen-blattern-im-inneren\" data-image-description=\"\" data-image-caption=\"\" data-large-file=\"https:\/\/i0.wp.com\/druckerei-kempf.de\/wp-content\/uploads\/2025\/10\/sprechblase-aus-recyclingpapier-mit-grunen-blattern-im-inneren-scaled.jpg?fit=1024%2C683&amp;ssl=1\" \/>\t\t\t\t\t\t\t\t\t\t\t\t\t\t\t<\/div>\n\t\t\t\t<\/div>\n\t\t\t\t\t<\/div>\n\t\t\t\t<\/div>\n\t\t\t\t<\/div>\n\t\t","protected":false},"excerpt":{"rendered":"<p>\u00dcber uns Unsere Druckerei Kempf ist seit 30 Jahren eine verl\u00e4ssliche und regionale Druckerei, die auf langj\u00e4hrige Erfahrungen setzt. Hier \u2013 in der Umgebung Rh\u00f6n \u2013 sind wir als sogenannte \u201eHausdruckerei\u201c mit Vielf\u00e4ltigkeit bekannt. Denn wir bieten nicht nur langj\u00e4hrige Erfahrung, sondern setzen auch auf unsere engen Kundenbeziehungen, die wir schon seit Jahren pflegen. Kundenn\u00e4he [&hellip;]<\/p>\n","protected":false},"author":1,"featured_media":0,"parent":0,"menu_order":0,"comment_status":"closed","ping_status":"closed","template":"","meta":{"_eb_attr":"","om_disable_all_campaigns":false,"_monsterinsights_skip_tracking":false,"_monsterinsights_sitenote_active":false,"_monsterinsights_sitenote_note":"","_monsterinsights_sitenote_category":0,"ocean_post_layout":"","ocean_both_sidebars_style":"","ocean_both_sidebars_content_width":0,"ocean_both_sidebars_sidebars_width":0,"ocean_sidebar":"","ocean_second_sidebar":"","ocean_disable_margins":"enable","ocean_add_body_class":"","ocean_shortcode_before_top_bar":"","ocean_shortcode_after_top_bar":"","ocean_shortcode_before_header":"","ocean_shortcode_after_header":"","ocean_has_shortcode":"","ocean_shortcode_after_title":"","ocean_shortcode_before_footer_widgets":"","ocean_shortcode_after_footer_widgets":"","ocean_shortcode_before_footer_bottom":"","ocean_shortcode_after_footer_bottom":"","ocean_display_top_bar":"default","ocean_display_header":"default","ocean_header_style":"","ocean_center_header_left_menu":"","ocean_custom_header_template":"","ocean_custom_logo":0,"ocean_custom_retina_logo":0,"ocean_custom_logo_max_width":0,"ocean_custom_logo_tablet_max_width":0,"ocean_custom_logo_mobile_max_width":0,"ocean_custom_logo_max_height":0,"ocean_custom_logo_tablet_max_height":0,"ocean_custom_logo_mobile_max_height":0,"ocean_header_custom_menu":"","ocean_menu_typo_font_family":"","ocean_menu_typo_font_subset":"","ocean_menu_typo_font_size":0,"ocean_menu_typo_font_size_tablet":0,"ocean_menu_typo_font_size_mobile":0,"ocean_menu_typo_font_size_unit":"px","ocean_menu_typo_font_weight":"","ocean_menu_typo_font_weight_tablet":"","ocean_menu_typo_font_weight_mobile":"","ocean_menu_typo_transform":"","ocean_menu_typo_transform_tablet":"","ocean_menu_typo_transform_mobile":"","ocean_menu_typo_line_height":0,"ocean_menu_typo_line_height_tablet":0,"ocean_menu_typo_line_height_mobile":0,"ocean_menu_typo_line_height_unit":"","ocean_menu_typo_spacing":0,"ocean_menu_typo_spacing_tablet":0,"ocean_menu_typo_spacing_mobile":0,"ocean_menu_typo_spacing_unit":"","ocean_menu_link_color":"","ocean_menu_link_color_hover":"","ocean_menu_link_color_active":"","ocean_menu_link_background":"","ocean_menu_link_hover_background":"","ocean_menu_link_active_background":"","ocean_menu_social_links_bg":"","ocean_menu_social_hover_links_bg":"","ocean_menu_social_links_color":"","ocean_menu_social_hover_links_color":"","ocean_disable_title":"default","ocean_disable_heading":"default","ocean_post_title":"","ocean_post_subheading":"","ocean_post_title_style":"","ocean_post_title_background_color":"","ocean_post_title_background":0,"ocean_post_title_bg_image_position":"","ocean_post_title_bg_image_attachment":"","ocean_post_title_bg_image_repeat":"","ocean_post_title_bg_image_size":"","ocean_post_title_height":0,"ocean_post_title_bg_overlay":0.5,"ocean_post_title_bg_overlay_color":"","ocean_disable_breadcrumbs":"default","ocean_breadcrumbs_color":"","ocean_breadcrumbs_separator_color":"","ocean_breadcrumbs_links_color":"","ocean_breadcrumbs_links_hover_color":"","ocean_display_footer_widgets":"default","ocean_display_footer_bottom":"default","ocean_custom_footer_template":"","footnotes":""},"class_list":["post-31","page","type-page","status-publish","hentry","entry"],"aioseo_notices":[],"jetpack_sharing_enabled":true,"_links":{"self":[{"href":"https:\/\/druckerei-kempf.de\/index.php\/wp-json\/wp\/v2\/pages\/31","targetHints":{"allow":["GET"]}}],"collection":[{"href":"https:\/\/druckerei-kempf.de\/index.php\/wp-json\/wp\/v2\/pages"}],"about":[{"href":"https:\/\/druckerei-kempf.de\/index.php\/wp-json\/wp\/v2\/types\/page"}],"author":[{"embeddable":true,"href":"https:\/\/druckerei-kempf.de\/index.php\/wp-json\/wp\/v2\/users\/1"}],"replies":[{"embeddable":true,"href":"https:\/\/druckerei-kempf.de\/index.php\/wp-json\/wp\/v2\/comments?post=31"}],"version-history":[{"count":6,"href":"https:\/\/druckerei-kempf.de\/index.php\/wp-json\/wp\/v2\/pages\/31\/revisions"}],"predecessor-version":[{"id":2902,"href":"https:\/\/druckerei-kempf.de\/index.php\/wp-json\/wp\/v2\/pages\/31\/revisions\/2902"}],"wp:attachment":[{"href":"https:\/\/druckerei-kempf.de\/index.php\/wp-json\/wp\/v2\/media?parent=31"}],"curies":[{"name":"wp","href":"https:\/\/api.w.org\/{rel}","templated":true}]}}