{"id":62,"date":"2025-09-08T11:34:11","date_gmt":"2025-09-08T09:34:11","guid":{"rendered":"http:\/\/localhost:8888\/?page_id=62"},"modified":"2026-03-13T11:06:30","modified_gmt":"2026-03-13T10:06:30","slug":"folierung","status":"publish","type":"page","link":"https:\/\/druckerei-kempf.de\/index.php\/folierung\/","title":{"rendered":"Folierung"},"content":{"rendered":"\t\t<div data-elementor-type=\"wp-page\" data-elementor-id=\"62\" class=\"elementor elementor-62\">\n\t\t\t\t<div class=\"elementor-element elementor-element-c48d990 e-flex e-con-boxed e-con e-parent\" data-id=\"c48d990\" data-element_type=\"container\" data-e-type=\"container\">\n\t\t\t\t\t<div class=\"e-con-inner\">\n\t\t\t\t<div class=\"elementor-element elementor-element-17a270b elementor-widget elementor-widget-heading\" data-id=\"17a270b\" data-element_type=\"widget\" data-e-type=\"widget\" data-widget_type=\"heading.default\">\n\t\t\t\t\t<h2 class=\"elementor-heading-title elementor-size-default\">Folierung<\/h2>\t\t\t\t<\/div>\n\t\t\t\t\t<\/div>\n\t\t\t\t<\/div>\n\t\t<div class=\"elementor-element elementor-element-ab1140d e-flex e-con-boxed e-con e-parent\" data-id=\"ab1140d\" data-element_type=\"container\" data-e-type=\"container\">\n\t\t\t\t\t<div class=\"e-con-inner\">\n\t\t<div class=\"elementor-element elementor-element-5112fb6 e-con-full e-flex e-con e-child\" data-id=\"5112fb6\" data-element_type=\"container\" data-e-type=\"container\">\n\t\t\t\t<div class=\"elementor-element elementor-element-d5398c4 elementor-widget elementor-widget-text-editor\" data-id=\"d5398c4\" data-element_type=\"widget\" data-e-type=\"widget\" data-widget_type=\"text-editor.default\">\n\t\t\t\t\t\t\t\t\t<p>Ob <strong>Innen-<\/strong> oder <strong>Au\u00dfenfolierung<\/strong>: Wir bieten Klebefolien in riesiger Farbauswahl, die perfekt zu Deinem Projekt passen. Auch die Schablonenanfertigung geh\u00f6rt zu unserem Angebot, damit Fl\u00e4chen pr\u00e4zise und sauber gestaltet werden k\u00f6nnen.<\/p><p>Dar\u00fcber hinaus realisieren wir vielf\u00e4ltige Folierungsarten \u2013 von Banden- und Bannerbeschriftung \u00fcber Kfz-Beschriftung bis hin zur Schaufensterbeklebung. Mit unserem Plotter entstehen individuelle Sticker und Folien in Wunschkonturen und Wunschformen, ganz nach Deinen Vorstellungen.<\/p>\t\t\t\t\t\t\t\t<\/div>\n\t\t\t\t<\/div>\n\t\t<div class=\"elementor-element elementor-element-1d06a1e e-con-full e-flex e-con e-child\" data-id=\"1d06a1e\" data-element_type=\"container\" data-e-type=\"container\">\n\t\t\t\t<div class=\"elementor-element elementor-element-9dac476 elementor-invisible elementor-widget elementor-widget-image\" data-id=\"9dac476\" data-element_type=\"widget\" data-e-type=\"widget\" data-settings=\"{&quot;_animation&quot;:&quot;fadeInRight&quot;}\" data-widget_type=\"image.default\">\n\t\t\t\t\t\t\t\t\t\t\t\t\t\t\t<img fetchpriority=\"high\" decoding=\"async\" data-attachment-id=\"1703\" data-permalink=\"https:\/\/druckerei-kempf.de\/index.php\/folierung\/colorful-rolls-of-vinyl-film-in-a-warehouse\/\" data-orig-file=\"https:\/\/i0.wp.com\/druckerei-kempf.de\/wp-content\/uploads\/2025\/11\/Folien-scaled.jpg?fit=2560%2C1435&amp;ssl=1\" data-orig-size=\"2560,1435\" data-comments-opened=\"1\" data-image-meta=\"{&quot;aperture&quot;:&quot;0&quot;,&quot;credit&quot;:&quot;wildan_shalihan&quot;,&quot;camera&quot;:&quot;&quot;,&quot;caption&quot;:&quot;clean and simple background fluidity Inkjet Ink whit any color --chaos 15 --ar 16:9 --style raw --stylize 250 --v 6.1 Job ID: 72c9ff68-f1e2-4068-9036-02f5a2fd8bb2&quot;,&quot;created_timestamp&quot;:&quot;0&quot;,&quot;copyright&quot;:&quot;&quot;,&quot;focal_length&quot;:&quot;0&quot;,&quot;iso&quot;:&quot;0&quot;,&quot;shutter_speed&quot;:&quot;0&quot;,&quot;title&quot;:&quot;Colorful rolls of vinyl film in a warehouse.&quot;,&quot;orientation&quot;:&quot;1&quot;}\" data-image-title=\"Colorful rolls of vinyl film in a warehouse.\" data-image-description=\"\" data-image-caption=\"&lt;p&gt;clean and simple background fluidity Inkjet Ink whit any color &amp;#8211;chaos 15 &amp;#8211;ar 16:9 &amp;#8211;style raw &amp;#8211;stylize 250 &amp;#8211;v 6.1 Job ID: 72c9ff68-f1e2-4068-9036-02f5a2fd8bb2&lt;\/p&gt;\n\" data-large-file=\"https:\/\/i0.wp.com\/druckerei-kempf.de\/wp-content\/uploads\/2025\/11\/Folien-scaled.jpg?fit=1024%2C574&amp;ssl=1\" width=\"1024\" height=\"574\" src=\"https:\/\/i0.wp.com\/druckerei-kempf.de\/wp-content\/uploads\/2025\/11\/Folien-scaled.jpg?fit=1024%2C574&amp;ssl=1\" class=\"attachment-large size-large wp-image-1703\" alt=\"\" srcset=\"https:\/\/i0.wp.com\/druckerei-kempf.de\/wp-content\/uploads\/2025\/11\/Folien-scaled.jpg?w=2560&amp;ssl=1 2560w, https:\/\/i0.wp.com\/druckerei-kempf.de\/wp-content\/uploads\/2025\/11\/Folien-scaled.jpg?resize=300%2C168&amp;ssl=1 300w, https:\/\/i0.wp.com\/druckerei-kempf.de\/wp-content\/uploads\/2025\/11\/Folien-scaled.jpg?resize=1024%2C574&amp;ssl=1 1024w, https:\/\/i0.wp.com\/druckerei-kempf.de\/wp-content\/uploads\/2025\/11\/Folien-scaled.jpg?resize=768%2C430&amp;ssl=1 768w, https:\/\/i0.wp.com\/druckerei-kempf.de\/wp-content\/uploads\/2025\/11\/Folien-scaled.jpg?resize=1536%2C861&amp;ssl=1 1536w, https:\/\/i0.wp.com\/druckerei-kempf.de\/wp-content\/uploads\/2025\/11\/Folien-scaled.jpg?resize=2048%2C1148&amp;ssl=1 2048w, https:\/\/i0.wp.com\/druckerei-kempf.de\/wp-content\/uploads\/2025\/11\/Folien-scaled.jpg?w=2400&amp;ssl=1 2400w\" sizes=\"(max-width: 1024px) 100vw, 1024px\" data-attachment-id=\"1703\" data-permalink=\"https:\/\/druckerei-kempf.de\/index.php\/folierung\/colorful-rolls-of-vinyl-film-in-a-warehouse\/\" data-orig-file=\"https:\/\/i0.wp.com\/druckerei-kempf.de\/wp-content\/uploads\/2025\/11\/Folien-scaled.jpg?fit=2560%2C1435&amp;ssl=1\" data-orig-size=\"2560,1435\" data-comments-opened=\"1\" data-image-meta=\"{&quot;aperture&quot;:&quot;0&quot;,&quot;credit&quot;:&quot;wildan_shalihan&quot;,&quot;camera&quot;:&quot;&quot;,&quot;caption&quot;:&quot;clean and simple background fluidity Inkjet Ink whit any color --chaos 15 --ar 16:9 --style raw --stylize 250 --v 6.1 Job ID: 72c9ff68-f1e2-4068-9036-02f5a2fd8bb2&quot;,&quot;created_timestamp&quot;:&quot;0&quot;,&quot;copyright&quot;:&quot;&quot;,&quot;focal_length&quot;:&quot;0&quot;,&quot;iso&quot;:&quot;0&quot;,&quot;shutter_speed&quot;:&quot;0&quot;,&quot;title&quot;:&quot;Colorful rolls of vinyl film in a warehouse.&quot;,&quot;orientation&quot;:&quot;1&quot;}\" data-image-title=\"Colorful rolls of vinyl film in a warehouse.\" data-image-description=\"\" data-image-caption=\"&lt;p&gt;clean and simple background fluidity Inkjet Ink whit any color &amp;#8211;chaos 15 &amp;#8211;ar 16:9 &amp;#8211;style raw &amp;#8211;stylize 250 &amp;#8211;v 6.1 Job ID: 72c9ff68-f1e2-4068-9036-02f5a2fd8bb2&lt;\/p&gt;\n\" data-large-file=\"https:\/\/i0.wp.com\/druckerei-kempf.de\/wp-content\/uploads\/2025\/11\/Folien-scaled.jpg?fit=1024%2C574&amp;ssl=1\" \/>\t\t\t\t\t\t\t\t\t\t\t\t\t\t\t<\/div>\n\t\t\t\t<\/div>\n\t\t\t\t\t<\/div>\n\t\t\t\t<\/div>\n\t\t<div class=\"elementor-element elementor-element-5f6c1a3 e-flex e-con-boxed e-con e-parent\" data-id=\"5f6c1a3\" data-element_type=\"container\" data-e-type=\"container\">\n\t\t\t\t\t<div class=\"e-con-inner\">\n\t\t\t\t<div class=\"elementor-element elementor-element-ecf9b25 elementor-widget elementor-widget-spacer\" data-id=\"ecf9b25\" data-element_type=\"widget\" data-e-type=\"widget\" data-widget_type=\"spacer.default\">\n\t\t\t\t\t\t\t<div class=\"elementor-spacer\">\n\t\t\t<div class=\"elementor-spacer-inner\"><\/div>\n\t\t<\/div>\n\t\t\t\t\t\t<\/div>\n\t\t\t\t\t<\/div>\n\t\t\t\t<\/div>\n\t\t<div class=\"elementor-element elementor-element-e6f231a e-flex e-con-boxed e-con e-parent\" data-id=\"e6f231a\" data-element_type=\"container\" data-e-type=\"container\">\n\t\t\t\t\t<div class=\"e-con-inner\">\n\t\t\t\t<div class=\"elementor-element elementor-element-58137b3 elementor-hidden-desktop elementor-widget elementor-widget-eael-adv-accordion\" data-id=\"58137b3\" data-element_type=\"widget\" data-e-type=\"widget\" data-widget_type=\"eael-adv-accordion.default\">\n\t\t\t\t\t            <div class=\"eael-adv-accordion\" id=\"eael-adv-accordion-58137b3\" data-scroll-on-click=\"no\" data-scroll-speed=\"300\" data-accordion-id=\"58137b3\" data-accordion-type=\"accordion\" data-toogle-speed=\"300\">\n            <div class=\"eael-accordion-list\">\n\t\t\t\t\t<div id=\"produktvielfalt\" class=\"elementor-tab-title eael-accordion-header\" tabindex=\"0\" data-tab=\"1\" aria-controls=\"elementor-tab-content-9231\"><span class=\"eael-advanced-accordion-icon-closed\"><svg aria-hidden=\"true\" class=\"fa-accordion-icon e-font-icon-svg e-fas-plus\" viewBox=\"0 0 448 512\" xmlns=\"http:\/\/www.w3.org\/2000\/svg\"><path d=\"M416 208H272V64c0-17.67-14.33-32-32-32h-32c-17.67 0-32 14.33-32 32v144H32c-17.67 0-32 14.33-32 32v32c0 17.67 14.33 32 32 32h144v144c0 17.67 14.33 32 32 32h32c17.67 0 32-14.33 32-32V304h144c17.67 0 32-14.33 32-32v-32c0-17.67-14.33-32-32-32z\"><\/path><\/svg><\/span><span class=\"eael-advanced-accordion-icon-opened\"><svg aria-hidden=\"true\" class=\"fa-accordion-icon e-font-icon-svg e-fas-minus\" viewBox=\"0 0 448 512\" xmlns=\"http:\/\/www.w3.org\/2000\/svg\"><path d=\"M416 208H32c-17.67 0-32 14.33-32 32v32c0 17.67 14.33 32 32 32h384c17.67 0 32-14.33 32-32v-32c0-17.67-14.33-32-32-32z\"><\/path><\/svg><\/span><span class=\"eael-accordion-tab-title\">Produktvielfalt<\/span><svg aria-hidden=\"true\" class=\"fa-toggle e-font-icon-svg e-fas-angle-right\" viewBox=\"0 0 256 512\" xmlns=\"http:\/\/www.w3.org\/2000\/svg\"><path d=\"M224.3 273l-136 136c-9.4 9.4-24.6 9.4-33.9 0l-22.6-22.6c-9.4-9.4-9.4-24.6 0-33.9l96.4-96.4-96.4-96.4c-9.4-9.4-9.4-24.6 0-33.9L54.3 103c9.4-9.4 24.6-9.4 33.9 0l136 136c9.5 9.4 9.5 24.6.1 34z\"><\/path><\/svg><\/div><div id=\"elementor-tab-content-9231\" class=\"eael-accordion-content clearfix\" data-tab=\"1\" aria-labelledby=\"produktvielfalt\"><ul><li>Kfz-Beschriftung<\/li><li>Schaufensterbeklebung<\/li><li>Banden- und Bannerbeschriftung<\/li><li>Sticker in verschiedenen Formen und Farben<\/li><li>Schablonenanfertigung<\/li><li>Schilderbeschriftung<p>Weiteres auf Anfrage!<\/p><p><em>*\u00a0 Alle Folien, die nicht direkt auf die Objekte aufgeklebt werden, sind freigestellt, vormontiert und inkl. \u00dcbertragungspapier- oder Folie<\/em><\/p><\/li><\/ul><\/div>\n\t\t\t\t\t<\/div><\/div>\t\t\t\t<\/div>\n\t\t\t\t\t<\/div>\n\t\t\t\t<\/div>\n\t\t<div class=\"elementor-element elementor-element-7497890 e-flex e-con-boxed e-con e-parent\" data-id=\"7497890\" data-element_type=\"container\" data-e-type=\"container\">\n\t\t\t\t\t<div class=\"e-con-inner\">\n\t\t\t\t<div class=\"elementor-element elementor-element-0ed48d8 elementor-hidden-tablet elementor-hidden-mobile elementor-widget elementor-widget-eael-adv-tabs\" data-id=\"0ed48d8\" data-element_type=\"widget\" data-e-type=\"widget\" data-widget_type=\"eael-adv-tabs.default\">\n\t\t\t\t\t        <div data-scroll-on-click=\"no\" data-scroll-speed=\"300\" id=\"eael-advance-tabs-0ed48d8\" class=\"eael-advance-tabs eael-tabs-horizontal eael-tab-auto-active \" data-tabid=\"0ed48d8\">\n            <div class=\"eael-tabs-nav \">\n                <ul class=\"eael-tab-inline-icon\" role=\"tablist\">\n                                            <li id=\"produktvielfalt\" class=\"inactive eael-tab-item-trigger eael-tab-nav-item\" aria-selected=\"true\" data-tab=\"1\" role=\"tab\" tabindex=\"0\" aria-controls=\"produktvielfalt-tab\" aria-expanded=\"false\">\n                            \n                                                                                                                            \n                                                            <span class=\"eael-tab-title title-after-icon\" >Produktvielfalt<\/span>                            \n                                                    <\/li>\n                    \n                                  <\/ul>\n            <\/div>\n            \n            <div class=\"eael-tabs-content\">\n\t\t        \n                    <div id=\"produktvielfalt-tab\" class=\"clearfix eael-tab-content-item inactive\" data-title-link=\"produktvielfalt-tab\">\n\t\t\t\t        <ul><li>Kfz-Beschriftung<\/li><li>Schaufensterbeklebung<\/li><li>Banden- und Bannerbeschriftung<\/li><li>Sticker in verschiedenen Formen und Farben<\/li><li>Schablonenanfertigung<\/li><li>Schilderbeschriftung<p>Weiteres auf Anfrage!<\/p><p><em>*\u00a0 Alle Folien, die nicht direkt auf die Objekte aufgeklebt werden, sind freigestellt, vormontiert und inkl. \u00dcbertragungspapier- oder Folie<\/em><\/p><\/li><\/ul>                    <\/div>\n\t\t                    <\/div>\n        <\/div>\n\t\t\t\t<\/div>\n\t\t\t\t\t<\/div>\n\t\t\t\t<\/div>\n\t\t<div class=\"elementor-element elementor-element-210525b e-flex e-con-boxed e-con e-parent\" data-id=\"210525b\" data-element_type=\"container\" data-e-type=\"container\">\n\t\t\t\t\t<div class=\"e-con-inner\">\n\t\t\t\t<div class=\"elementor-element elementor-element-dcabf48 elementor-widget elementor-widget-spacer\" data-id=\"dcabf48\" data-element_type=\"widget\" data-e-type=\"widget\" data-widget_type=\"spacer.default\">\n\t\t\t\t\t\t\t<div class=\"elementor-spacer\">\n\t\t\t<div class=\"elementor-spacer-inner\"><\/div>\n\t\t<\/div>\n\t\t\t\t\t\t<\/div>\n\t\t\t\t\t<\/div>\n\t\t\t\t<\/div>\n\t\t<div class=\"elementor-element elementor-element-ab8b3d3 e-flex e-con-boxed e-con e-parent\" data-id=\"ab8b3d3\" data-element_type=\"container\" data-e-type=\"container\">\n\t\t\t\t\t<div class=\"e-con-inner\">\n\t\t<div class=\"elementor-element elementor-element-ff2dfd8 e-con-full e-flex e-con e-child\" data-id=\"ff2dfd8\" data-element_type=\"container\" data-e-type=\"container\">\n\t\t\t\t<div class=\"elementor-element elementor-element-6a927e2 elementor-invisible elementor-widget elementor-widget-image\" data-id=\"6a927e2\" data-element_type=\"widget\" data-e-type=\"widget\" data-settings=\"{&quot;_animation&quot;:&quot;fadeInLeft&quot;}\" data-widget_type=\"image.default\">\n\t\t\t\t\t\t\t\t\t\t\t\t\t\t\t<img decoding=\"async\" data-attachment-id=\"1704\" data-permalink=\"https:\/\/druckerei-kempf.de\/index.php\/folierung\/fabric-industry-production-line-textile-factory-working-tailoring-process\/\" data-orig-file=\"https:\/\/i0.wp.com\/druckerei-kempf.de\/wp-content\/uploads\/2025\/11\/fabric-industry-production-line-textile-factory-working-tailoring-process-scaled.jpg?fit=2560%2C1709&amp;ssl=1\" data-orig-size=\"2560,1709\" data-comments-opened=\"1\" data-image-meta=\"{&quot;aperture&quot;:&quot;0&quot;,&quot;credit&quot;:&quot;&quot;,&quot;camera&quot;:&quot;&quot;,&quot;caption&quot;:&quot;Fabric industry production line. Textile factory. Working tailoring process cloth. Modern equipment&quot;,&quot;created_timestamp&quot;:&quot;0&quot;,&quot;copyright&quot;:&quot;&quot;,&quot;focal_length&quot;:&quot;0&quot;,&quot;iso&quot;:&quot;0&quot;,&quot;shutter_speed&quot;:&quot;0&quot;,&quot;title&quot;:&quot;Fabric industry production line. Textile factory. Working tailoring process&quot;,&quot;orientation&quot;:&quot;1&quot;}\" data-image-title=\"Fabric industry production line. Textile factory. Working tailoring process\" data-image-description=\"\" data-image-caption=\"&lt;p&gt;Fabric industry production line. Textile factory. Working tailoring process cloth. Modern equipment&lt;\/p&gt;\n\" data-large-file=\"https:\/\/i0.wp.com\/druckerei-kempf.de\/wp-content\/uploads\/2025\/11\/fabric-industry-production-line-textile-factory-working-tailoring-process-scaled.jpg?fit=1024%2C684&amp;ssl=1\" width=\"1024\" height=\"684\" src=\"https:\/\/i0.wp.com\/druckerei-kempf.de\/wp-content\/uploads\/2025\/11\/fabric-industry-production-line-textile-factory-working-tailoring-process-scaled.jpg?fit=1024%2C684&amp;ssl=1\" class=\"attachment-large size-large wp-image-1704\" alt=\"\" srcset=\"https:\/\/i0.wp.com\/druckerei-kempf.de\/wp-content\/uploads\/2025\/11\/fabric-industry-production-line-textile-factory-working-tailoring-process-scaled.jpg?w=2560&amp;ssl=1 2560w, https:\/\/i0.wp.com\/druckerei-kempf.de\/wp-content\/uploads\/2025\/11\/fabric-industry-production-line-textile-factory-working-tailoring-process-scaled.jpg?resize=300%2C200&amp;ssl=1 300w, https:\/\/i0.wp.com\/druckerei-kempf.de\/wp-content\/uploads\/2025\/11\/fabric-industry-production-line-textile-factory-working-tailoring-process-scaled.jpg?resize=1024%2C684&amp;ssl=1 1024w, https:\/\/i0.wp.com\/druckerei-kempf.de\/wp-content\/uploads\/2025\/11\/fabric-industry-production-line-textile-factory-working-tailoring-process-scaled.jpg?resize=768%2C513&amp;ssl=1 768w, https:\/\/i0.wp.com\/druckerei-kempf.de\/wp-content\/uploads\/2025\/11\/fabric-industry-production-line-textile-factory-working-tailoring-process-scaled.jpg?resize=1536%2C1025&amp;ssl=1 1536w, https:\/\/i0.wp.com\/druckerei-kempf.de\/wp-content\/uploads\/2025\/11\/fabric-industry-production-line-textile-factory-working-tailoring-process-scaled.jpg?resize=2048%2C1367&amp;ssl=1 2048w, https:\/\/i0.wp.com\/druckerei-kempf.de\/wp-content\/uploads\/2025\/11\/fabric-industry-production-line-textile-factory-working-tailoring-process-scaled.jpg?w=2400&amp;ssl=1 2400w\" sizes=\"(max-width: 1024px) 100vw, 1024px\" data-attachment-id=\"1704\" data-permalink=\"https:\/\/druckerei-kempf.de\/index.php\/folierung\/fabric-industry-production-line-textile-factory-working-tailoring-process\/\" data-orig-file=\"https:\/\/i0.wp.com\/druckerei-kempf.de\/wp-content\/uploads\/2025\/11\/fabric-industry-production-line-textile-factory-working-tailoring-process-scaled.jpg?fit=2560%2C1709&amp;ssl=1\" data-orig-size=\"2560,1709\" data-comments-opened=\"1\" data-image-meta=\"{&quot;aperture&quot;:&quot;0&quot;,&quot;credit&quot;:&quot;&quot;,&quot;camera&quot;:&quot;&quot;,&quot;caption&quot;:&quot;Fabric industry production line. Textile factory. Working tailoring process cloth. Modern equipment&quot;,&quot;created_timestamp&quot;:&quot;0&quot;,&quot;copyright&quot;:&quot;&quot;,&quot;focal_length&quot;:&quot;0&quot;,&quot;iso&quot;:&quot;0&quot;,&quot;shutter_speed&quot;:&quot;0&quot;,&quot;title&quot;:&quot;Fabric industry production line. Textile factory. Working tailoring process&quot;,&quot;orientation&quot;:&quot;1&quot;}\" data-image-title=\"Fabric industry production line. Textile factory. Working tailoring process\" data-image-description=\"\" data-image-caption=\"&lt;p&gt;Fabric industry production line. Textile factory. Working tailoring process cloth. Modern equipment&lt;\/p&gt;\n\" data-large-file=\"https:\/\/i0.wp.com\/druckerei-kempf.de\/wp-content\/uploads\/2025\/11\/fabric-industry-production-line-textile-factory-working-tailoring-process-scaled.jpg?fit=1024%2C684&amp;ssl=1\" \/>\t\t\t\t\t\t\t\t\t\t\t\t\t\t\t<\/div>\n\t\t\t\t<\/div>\n\t\t<div class=\"elementor-element elementor-element-bc6afbe e-con-full e-flex e-con e-child\" data-id=\"bc6afbe\" data-element_type=\"container\" data-e-type=\"container\">\n\t\t\t\t<div class=\"elementor-element elementor-element-2c17981 elementor-widget elementor-widget-text-editor\" data-id=\"2c17981\" data-element_type=\"widget\" data-e-type=\"widget\" data-widget_type=\"text-editor.default\">\n\t\t\t\t\t\t\t\t\t<p>Unsere Folien sind bis zu 120 cm breit, in unz\u00e4hligen Farben erh\u00e4ltlich und bieten verschiedene Klebehaftungen sowie Folienst\u00e4rken.<\/p><p>Zum Folierungsservice geh\u00f6rt nat\u00fcrlich auch die professionelle Beschriftung durch unser erfahrenes Team, das Deine Objekte sauber und pr\u00e4zise beklebt.<\/p><p>Folierungen sind heute vielseitig einsetzbar: Sie sch\u00fctzen Oberfl\u00e4chen, machen Werbung sichtbar und geben Fahrzeugen eine individuelle Note.<br \/><br \/><\/p>\t\t\t\t\t\t\t\t<\/div>\n\t\t\t\t<\/div>\n\t\t\t\t\t<\/div>\n\t\t\t\t<\/div>\n\t\t\t\t<\/div>\n\t\t","protected":false},"excerpt":{"rendered":"<p>Folierung Ob Innen- oder Au\u00dfenfolierung: Wir bieten Klebefolien in riesiger Farbauswahl, die perfekt zu Deinem Projekt passen. Auch die Schablonenanfertigung geh\u00f6rt zu unserem Angebot, damit Fl\u00e4chen pr\u00e4zise und sauber gestaltet werden k\u00f6nnen. Dar\u00fcber hinaus realisieren wir vielf\u00e4ltige Folierungsarten \u2013 von Banden- und Bannerbeschriftung \u00fcber Kfz-Beschriftung bis hin zur Schaufensterbeklebung. Mit unserem Plotter entstehen individuelle Sticker [&hellip;]<\/p>\n","protected":false},"author":1,"featured_media":0,"parent":0,"menu_order":0,"comment_status":"closed","ping_status":"closed","template":"","meta":{"_eb_attr":"","om_disable_all_campaigns":false,"_monsterinsights_skip_tracking":false,"_monsterinsights_sitenote_active":false,"_monsterinsights_sitenote_note":"","_monsterinsights_sitenote_category":0,"ocean_post_layout":"","ocean_both_sidebars_style":"","ocean_both_sidebars_content_width":0,"ocean_both_sidebars_sidebars_width":0,"ocean_sidebar":"","ocean_second_sidebar":"","ocean_disable_margins":"enable","ocean_add_body_class":"","ocean_shortcode_before_top_bar":"","ocean_shortcode_after_top_bar":"","ocean_shortcode_before_header":"","ocean_shortcode_after_header":"","ocean_has_shortcode":"","ocean_shortcode_after_title":"","ocean_shortcode_before_footer_widgets":"","ocean_shortcode_after_footer_widgets":"","ocean_shortcode_before_footer_bottom":"","ocean_shortcode_after_footer_bottom":"","ocean_display_top_bar":"default","ocean_display_header":"default","ocean_header_style":"","ocean_center_header_left_menu":"","ocean_custom_header_template":"","ocean_custom_logo":0,"ocean_custom_retina_logo":0,"ocean_custom_logo_max_width":0,"ocean_custom_logo_tablet_max_width":0,"ocean_custom_logo_mobile_max_width":0,"ocean_custom_logo_max_height":0,"ocean_custom_logo_tablet_max_height":0,"ocean_custom_logo_mobile_max_height":0,"ocean_header_custom_menu":"","ocean_menu_typo_font_family":"","ocean_menu_typo_font_subset":"","ocean_menu_typo_font_size":0,"ocean_menu_typo_font_size_tablet":0,"ocean_menu_typo_font_size_mobile":0,"ocean_menu_typo_font_size_unit":"px","ocean_menu_typo_font_weight":"","ocean_menu_typo_font_weight_tablet":"","ocean_menu_typo_font_weight_mobile":"","ocean_menu_typo_transform":"","ocean_menu_typo_transform_tablet":"","ocean_menu_typo_transform_mobile":"","ocean_menu_typo_line_height":0,"ocean_menu_typo_line_height_tablet":0,"ocean_menu_typo_line_height_mobile":0,"ocean_menu_typo_line_height_unit":"","ocean_menu_typo_spacing":0,"ocean_menu_typo_spacing_tablet":0,"ocean_menu_typo_spacing_mobile":0,"ocean_menu_typo_spacing_unit":"","ocean_menu_link_color":"","ocean_menu_link_color_hover":"","ocean_menu_link_color_active":"","ocean_menu_link_background":"","ocean_menu_link_hover_background":"","ocean_menu_link_active_background":"","ocean_menu_social_links_bg":"","ocean_menu_social_hover_links_bg":"","ocean_menu_social_links_color":"","ocean_menu_social_hover_links_color":"","ocean_disable_title":"default","ocean_disable_heading":"default","ocean_post_title":"","ocean_post_subheading":"","ocean_post_title_style":"","ocean_post_title_background_color":"","ocean_post_title_background":0,"ocean_post_title_bg_image_position":"","ocean_post_title_bg_image_attachment":"","ocean_post_title_bg_image_repeat":"","ocean_post_title_bg_image_size":"","ocean_post_title_height":0,"ocean_post_title_bg_overlay":0.5,"ocean_post_title_bg_overlay_color":"","ocean_disable_breadcrumbs":"default","ocean_breadcrumbs_color":"","ocean_breadcrumbs_separator_color":"","ocean_breadcrumbs_links_color":"","ocean_breadcrumbs_links_hover_color":"","ocean_display_footer_widgets":"default","ocean_display_footer_bottom":"default","ocean_custom_footer_template":"","footnotes":""},"class_list":["post-62","page","type-page","status-publish","hentry","entry"],"aioseo_notices":[],"jetpack_sharing_enabled":true,"_links":{"self":[{"href":"https:\/\/druckerei-kempf.de\/index.php\/wp-json\/wp\/v2\/pages\/62","targetHints":{"allow":["GET"]}}],"collection":[{"href":"https:\/\/druckerei-kempf.de\/index.php\/wp-json\/wp\/v2\/pages"}],"about":[{"href":"https:\/\/druckerei-kempf.de\/index.php\/wp-json\/wp\/v2\/types\/page"}],"author":[{"embeddable":true,"href":"https:\/\/druckerei-kempf.de\/index.php\/wp-json\/wp\/v2\/users\/1"}],"replies":[{"embeddable":true,"href":"https:\/\/druckerei-kempf.de\/index.php\/wp-json\/wp\/v2\/comments?post=62"}],"version-history":[{"count":10,"href":"https:\/\/druckerei-kempf.de\/index.php\/wp-json\/wp\/v2\/pages\/62\/revisions"}],"predecessor-version":[{"id":2793,"href":"https:\/\/druckerei-kempf.de\/index.php\/wp-json\/wp\/v2\/pages\/62\/revisions\/2793"}],"wp:attachment":[{"href":"https:\/\/druckerei-kempf.de\/index.php\/wp-json\/wp\/v2\/media?parent=62"}],"curies":[{"name":"wp","href":"https:\/\/api.w.org\/{rel}","templated":true}]}}