{"id":64,"date":"2025-09-08T11:34:20","date_gmt":"2025-09-08T09:34:20","guid":{"rendered":"http:\/\/localhost:8888\/?page_id=64"},"modified":"2026-03-13T11:05:53","modified_gmt":"2026-03-13T10:05:53","slug":"werbemittel","status":"publish","type":"page","link":"https:\/\/druckerei-kempf.de\/index.php\/werbemittel\/","title":{"rendered":"Werbemittel"},"content":{"rendered":"\t\t<div data-elementor-type=\"wp-page\" data-elementor-id=\"64\" class=\"elementor elementor-64\">\n\t\t\t\t<div class=\"elementor-element elementor-element-49d5257 e-flex e-con-boxed e-con e-parent\" data-id=\"49d5257\" data-element_type=\"container\" data-e-type=\"container\">\n\t\t\t\t\t<div class=\"e-con-inner\">\n\t\t\t\t<div class=\"elementor-element elementor-element-72e2b3e elementor-hidden-desktop elementor-hidden-tablet elementor-widget elementor-widget-heading\" data-id=\"72e2b3e\" data-element_type=\"widget\" data-e-type=\"widget\" data-widget_type=\"heading.default\">\n\t\t\t\t\t<h2 class=\"elementor-heading-title elementor-size-default\">Werbemittel<\/h2>\t\t\t\t<\/div>\n\t\t\t\t\t<\/div>\n\t\t\t\t<\/div>\n\t\t<div class=\"elementor-element elementor-element-b75ed4f e-flex e-con-boxed e-con e-parent\" data-id=\"b75ed4f\" data-element_type=\"container\" data-e-type=\"container\">\n\t\t\t\t\t<div class=\"e-con-inner\">\n\t\t\t\t<div class=\"elementor-element elementor-element-36f2a9f elementor-hidden-mobile elementor-widget elementor-widget-heading\" data-id=\"36f2a9f\" data-element_type=\"widget\" data-e-type=\"widget\" data-widget_type=\"heading.default\">\n\t\t\t\t\t<h2 class=\"elementor-heading-title elementor-size-default\">Werbemittel<\/h2>\t\t\t\t<\/div>\n\t\t\t\t\t<\/div>\n\t\t\t\t<\/div>\n\t\t<div class=\"elementor-element elementor-element-65491f9 e-flex e-con-boxed e-con e-parent\" data-id=\"65491f9\" data-element_type=\"container\" data-e-type=\"container\">\n\t\t\t\t\t<div class=\"e-con-inner\">\n\t\t<div class=\"elementor-element elementor-element-ff52a50 e-con-full e-flex e-con e-child\" data-id=\"ff52a50\" data-element_type=\"container\" data-e-type=\"container\">\n\t\t\t\t<div class=\"elementor-element elementor-element-f21b4ca elementor-widget elementor-widget-text-editor\" data-id=\"f21b4ca\" data-element_type=\"widget\" data-e-type=\"widget\" data-widget_type=\"text-editor.default\">\n\t\t\t\t\t\t\t\t\t<p data-pm-slice=\"1 1 []\">Werbemittel sind praktische Alltagshelfer (<em>auch als Streu-, und Promotionartikel bekannt<\/em>), die mit einem Logo, Slogan oder Design versehen werden. Sie sorgen daf\u00fcr, dass Deine Botschaft oder Marke im Alltag sichtbar bleibt und einen bleibenden Eindruck hinterl\u00e4sst. Ob <strong>Stempel<\/strong>, <strong>Feuerzeuge<\/strong>, <strong>Zollst\u00f6cke<\/strong> oder <strong>Gl\u00e4ser<\/strong>: <br \/>Werbemittel sind vielseitig und passen zu jedem Anlass.<\/p><p>Dabei arbeiten wir mit <strong>UV-Druck<\/strong> und <strong>Lasergravur<\/strong>, oder anderen Veredelungstechniken. So wird jedes Produkt bei uns<br \/>individuell gestaltet.<\/p>\t\t\t\t\t\t\t\t<\/div>\n\t\t\t\t<\/div>\n\t\t<div class=\"elementor-element elementor-element-cb2da1b e-con-full e-flex e-con e-child\" data-id=\"cb2da1b\" data-element_type=\"container\" data-e-type=\"container\">\n\t\t\t\t<div class=\"elementor-element elementor-element-8501fa2 elementor-invisible elementor-widget elementor-widget-image\" data-id=\"8501fa2\" data-element_type=\"widget\" data-e-type=\"widget\" data-settings=\"{&quot;_animation&quot;:&quot;fadeInRight&quot;}\" data-widget_type=\"image.default\">\n\t\t\t\t\t\t\t\t\t\t\t\t\t\t\t<img fetchpriority=\"high\" decoding=\"async\" data-attachment-id=\"1677\" data-permalink=\"https:\/\/druckerei-kempf.de\/index.php\/werbemittel\/regenschirm-mockup\/\" data-orig-file=\"https:\/\/i0.wp.com\/druckerei-kempf.de\/wp-content\/uploads\/2025\/11\/Regenschirm-Mockup-scaled.jpg?fit=2560%2C1558&amp;ssl=1\" data-orig-size=\"2560,1558\" data-comments-opened=\"1\" data-image-meta=\"{&quot;aperture&quot;:&quot;0&quot;,&quot;credit&quot;:&quot;&quot;,&quot;camera&quot;:&quot;&quot;,&quot;caption&quot;:&quot;&quot;,&quot;created_timestamp&quot;:&quot;0&quot;,&quot;copyright&quot;:&quot;&quot;,&quot;focal_length&quot;:&quot;0&quot;,&quot;iso&quot;:&quot;0&quot;,&quot;shutter_speed&quot;:&quot;0&quot;,&quot;title&quot;:&quot;&quot;,&quot;orientation&quot;:&quot;0&quot;}\" data-image-title=\"Regenschirm Mockup\" data-image-description=\"\" data-image-caption=\"\" data-large-file=\"https:\/\/i0.wp.com\/druckerei-kempf.de\/wp-content\/uploads\/2025\/11\/Regenschirm-Mockup-scaled.jpg?fit=1024%2C623&amp;ssl=1\" width=\"1024\" height=\"623\" src=\"https:\/\/i0.wp.com\/druckerei-kempf.de\/wp-content\/uploads\/2025\/11\/Regenschirm-Mockup-scaled.jpg?fit=1024%2C623&amp;ssl=1\" class=\"attachment-large size-large wp-image-1677\" alt=\"\" srcset=\"https:\/\/i0.wp.com\/druckerei-kempf.de\/wp-content\/uploads\/2025\/11\/Regenschirm-Mockup-scaled.jpg?w=2560&amp;ssl=1 2560w, https:\/\/i0.wp.com\/druckerei-kempf.de\/wp-content\/uploads\/2025\/11\/Regenschirm-Mockup-scaled.jpg?resize=300%2C183&amp;ssl=1 300w, https:\/\/i0.wp.com\/druckerei-kempf.de\/wp-content\/uploads\/2025\/11\/Regenschirm-Mockup-scaled.jpg?resize=1024%2C623&amp;ssl=1 1024w, https:\/\/i0.wp.com\/druckerei-kempf.de\/wp-content\/uploads\/2025\/11\/Regenschirm-Mockup-scaled.jpg?resize=768%2C467&amp;ssl=1 768w, https:\/\/i0.wp.com\/druckerei-kempf.de\/wp-content\/uploads\/2025\/11\/Regenschirm-Mockup-scaled.jpg?resize=1536%2C935&amp;ssl=1 1536w, https:\/\/i0.wp.com\/druckerei-kempf.de\/wp-content\/uploads\/2025\/11\/Regenschirm-Mockup-scaled.jpg?resize=2048%2C1246&amp;ssl=1 2048w, https:\/\/i0.wp.com\/druckerei-kempf.de\/wp-content\/uploads\/2025\/11\/Regenschirm-Mockup-scaled.jpg?w=2400&amp;ssl=1 2400w\" sizes=\"(max-width: 1024px) 100vw, 1024px\" data-attachment-id=\"1677\" data-permalink=\"https:\/\/druckerei-kempf.de\/index.php\/werbemittel\/regenschirm-mockup\/\" data-orig-file=\"https:\/\/i0.wp.com\/druckerei-kempf.de\/wp-content\/uploads\/2025\/11\/Regenschirm-Mockup-scaled.jpg?fit=2560%2C1558&amp;ssl=1\" data-orig-size=\"2560,1558\" data-comments-opened=\"1\" data-image-meta=\"{&quot;aperture&quot;:&quot;0&quot;,&quot;credit&quot;:&quot;&quot;,&quot;camera&quot;:&quot;&quot;,&quot;caption&quot;:&quot;&quot;,&quot;created_timestamp&quot;:&quot;0&quot;,&quot;copyright&quot;:&quot;&quot;,&quot;focal_length&quot;:&quot;0&quot;,&quot;iso&quot;:&quot;0&quot;,&quot;shutter_speed&quot;:&quot;0&quot;,&quot;title&quot;:&quot;&quot;,&quot;orientation&quot;:&quot;0&quot;}\" data-image-title=\"Regenschirm Mockup\" data-image-description=\"\" data-image-caption=\"\" data-large-file=\"https:\/\/i0.wp.com\/druckerei-kempf.de\/wp-content\/uploads\/2025\/11\/Regenschirm-Mockup-scaled.jpg?fit=1024%2C623&amp;ssl=1\" \/>\t\t\t\t\t\t\t\t\t\t\t\t\t\t\t<\/div>\n\t\t\t\t<\/div>\n\t\t\t\t\t<\/div>\n\t\t\t\t<\/div>\n\t\t<div class=\"elementor-element elementor-element-52feaf0 e-flex e-con-boxed e-con e-parent\" data-id=\"52feaf0\" data-element_type=\"container\" data-e-type=\"container\">\n\t\t\t\t\t<div class=\"e-con-inner\">\n\t\t\t\t<div class=\"elementor-element elementor-element-c31f21c elementor-widget elementor-widget-spacer\" data-id=\"c31f21c\" data-element_type=\"widget\" data-e-type=\"widget\" data-widget_type=\"spacer.default\">\n\t\t\t\t\t\t\t<div class=\"elementor-spacer\">\n\t\t\t<div class=\"elementor-spacer-inner\"><\/div>\n\t\t<\/div>\n\t\t\t\t\t\t<\/div>\n\t\t\t\t\t<\/div>\n\t\t\t\t<\/div>\n\t\t<div class=\"elementor-element elementor-element-eea5e5d e-flex e-con-boxed e-con e-parent\" data-id=\"eea5e5d\" data-element_type=\"container\" data-e-type=\"container\">\n\t\t\t\t\t<div class=\"e-con-inner\">\n\t\t\t\t<div class=\"elementor-element elementor-element-89953ea elementor-hidden-desktop elementor-widget elementor-widget-eael-adv-accordion\" data-id=\"89953ea\" data-element_type=\"widget\" data-e-type=\"widget\" data-widget_type=\"eael-adv-accordion.default\">\n\t\t\t\t\t            <div class=\"eael-adv-accordion\" id=\"eael-adv-accordion-89953ea\" data-scroll-on-click=\"no\" data-scroll-speed=\"300\" data-accordion-id=\"89953ea\" data-accordion-type=\"accordion\" data-toogle-speed=\"300\">\n            <div class=\"eael-accordion-list\">\n\t\t\t\t\t<div id=\"produktvielfalt\" class=\"elementor-tab-title eael-accordion-header\" tabindex=\"0\" data-tab=\"1\" aria-controls=\"elementor-tab-content-1441\"><span class=\"eael-advanced-accordion-icon-closed\"><svg aria-hidden=\"true\" class=\"fa-accordion-icon e-font-icon-svg e-fas-plus\" viewBox=\"0 0 448 512\" xmlns=\"http:\/\/www.w3.org\/2000\/svg\"><path d=\"M416 208H272V64c0-17.67-14.33-32-32-32h-32c-17.67 0-32 14.33-32 32v144H32c-17.67 0-32 14.33-32 32v32c0 17.67 14.33 32 32 32h144v144c0 17.67 14.33 32 32 32h32c17.67 0 32-14.33 32-32V304h144c17.67 0 32-14.33 32-32v-32c0-17.67-14.33-32-32-32z\"><\/path><\/svg><\/span><span class=\"eael-advanced-accordion-icon-opened\"><svg aria-hidden=\"true\" class=\"fa-accordion-icon e-font-icon-svg e-fas-minus\" viewBox=\"0 0 448 512\" xmlns=\"http:\/\/www.w3.org\/2000\/svg\"><path d=\"M416 208H32c-17.67 0-32 14.33-32 32v32c0 17.67 14.33 32 32 32h384c17.67 0 32-14.33 32-32v-32c0-17.67-14.33-32-32-32z\"><\/path><\/svg><\/span><span class=\"eael-accordion-tab-title\">Produktvielfalt<\/span><svg aria-hidden=\"true\" class=\"fa-toggle e-font-icon-svg e-fas-angle-right\" viewBox=\"0 0 256 512\" xmlns=\"http:\/\/www.w3.org\/2000\/svg\"><path d=\"M224.3 273l-136 136c-9.4 9.4-24.6 9.4-33.9 0l-22.6-22.6c-9.4-9.4-9.4-24.6 0-33.9l96.4-96.4-96.4-96.4c-9.4-9.4-9.4-24.6 0-33.9L54.3 103c9.4-9.4 24.6-9.4 33.9 0l136 136c9.5 9.4 9.5 24.6.1 34z\"><\/path><\/svg><\/div><div id=\"elementor-tab-content-1441\" class=\"eael-accordion-content clearfix\" data-tab=\"1\" aria-labelledby=\"produktvielfalt\"><ul><li>Regenschirme<\/li><li>Schreibwaren (Kugelschreiber, Stifte)<\/li><li>Stempel<\/li><li>Zollst\u00f6cke<\/li><li>Feuerzeuge<\/li><li>Tassen, Gl\u00e4ser etc.\u00a0<\/li><li>Tischkalender<\/li><li>Schilder<\/li><li>Bierdeckel<\/li><li>Gummib\u00e4rchen<\/li><li>Taschenmesser<\/li><li>Flaschen\u00f6ffner<\/li><li>USB Sticks<\/li><\/ul><p>Und viele weitere Produkte, die zu veredeln sind!<\/p><\/div>\n\t\t\t\t\t<\/div><div class=\"eael-accordion-list\">\n\t\t\t\t\t<div id=\"optionen\" class=\"elementor-tab-title eael-accordion-header\" tabindex=\"0\" data-tab=\"2\" aria-controls=\"elementor-tab-content-1442\"><span class=\"eael-advanced-accordion-icon-closed\"><svg aria-hidden=\"true\" class=\"fa-accordion-icon e-font-icon-svg e-fas-plus\" viewBox=\"0 0 448 512\" xmlns=\"http:\/\/www.w3.org\/2000\/svg\"><path d=\"M416 208H272V64c0-17.67-14.33-32-32-32h-32c-17.67 0-32 14.33-32 32v144H32c-17.67 0-32 14.33-32 32v32c0 17.67 14.33 32 32 32h144v144c0 17.67 14.33 32 32 32h32c17.67 0 32-14.33 32-32V304h144c17.67 0 32-14.33 32-32v-32c0-17.67-14.33-32-32-32z\"><\/path><\/svg><\/span><span class=\"eael-advanced-accordion-icon-opened\"><svg aria-hidden=\"true\" class=\"fa-accordion-icon e-font-icon-svg e-fas-minus\" viewBox=\"0 0 448 512\" xmlns=\"http:\/\/www.w3.org\/2000\/svg\"><path d=\"M416 208H32c-17.67 0-32 14.33-32 32v32c0 17.67 14.33 32 32 32h384c17.67 0 32-14.33 32-32v-32c0-17.67-14.33-32-32-32z\"><\/path><\/svg><\/span><span class=\"eael-accordion-tab-title\">Optionen<\/span><svg aria-hidden=\"true\" class=\"fa-toggle e-font-icon-svg e-fas-angle-right\" viewBox=\"0 0 256 512\" xmlns=\"http:\/\/www.w3.org\/2000\/svg\"><path d=\"M224.3 273l-136 136c-9.4 9.4-24.6 9.4-33.9 0l-22.6-22.6c-9.4-9.4-9.4-24.6 0-33.9l96.4-96.4-96.4-96.4c-9.4-9.4-9.4-24.6 0-33.9L54.3 103c9.4-9.4 24.6-9.4 33.9 0l136 136c9.5 9.4 9.5 24.6.1 34z\"><\/path><\/svg><\/div><div id=\"elementor-tab-content-1442\" class=\"eael-accordion-content clearfix\" data-tab=\"2\" aria-labelledby=\"optionen\"><p><strong>Gut zu wissen:\u00a0<\/strong><br \/>F\u00fcr unsere Werbemittel nutzen wir in aller Regel die <strong>Lasergravur<\/strong> oder den <strong>UV-Druck<\/strong> im 4-farbigen CMYK mit Wei\u00df- und Primer-Unterdruck. Andere Werbemittel k\u00f6nnen auch mit herk\u00f6mmlichen Druckverfahren veredelt\u00a0 oder gedruckt werden. So sorgen wir daf\u00fcr, dass wir eine Vielfalt an Werbemitteln abgedecken und ihr eine gro\u00dfe Auswahl bekommt!<\/p><\/div>\n\t\t\t\t\t<\/div><\/div>\t\t\t\t<\/div>\n\t\t\t\t\t<\/div>\n\t\t\t\t<\/div>\n\t\t<div class=\"elementor-element elementor-element-e69b925 e-flex e-con-boxed e-con e-parent\" data-id=\"e69b925\" data-element_type=\"container\" data-e-type=\"container\">\n\t\t\t\t\t<div class=\"e-con-inner\">\n\t\t\t\t<div class=\"elementor-element elementor-element-90e44b1 elementor-hidden-tablet elementor-hidden-mobile elementor-widget elementor-widget-eael-adv-tabs\" data-id=\"90e44b1\" data-element_type=\"widget\" data-e-type=\"widget\" data-widget_type=\"eael-adv-tabs.default\">\n\t\t\t\t\t        <div data-scroll-on-click=\"no\" data-scroll-speed=\"300\" id=\"eael-advance-tabs-90e44b1\" class=\"eael-advance-tabs eael-tabs-horizontal eael-tab-auto-active \" data-tabid=\"90e44b1\">\n            <div class=\"eael-tabs-nav \">\n                <ul class=\"eael-tab-inline-icon\" role=\"tablist\">\n                                            <li id=\"produktvielfalt\" class=\"inactive eael-tab-item-trigger eael-tab-nav-item\" aria-selected=\"true\" data-tab=\"1\" role=\"tab\" tabindex=\"0\" aria-controls=\"produktvielfalt-tab\" aria-expanded=\"false\">\n                            \n                                                                                                                            \n                                                            <span class=\"eael-tab-title title-after-icon\" >Produktvielfalt<\/span>                            \n                                                    <\/li>\n                                            <li id=\"optionen\" class=\"inactive eael-tab-item-trigger eael-tab-nav-item\" aria-selected=\"false\" data-tab=\"2\" role=\"tab\" tabindex=\"-1\" aria-controls=\"optionen-tab\" aria-expanded=\"false\">\n                            \n                                                                                                                            \n                                                            <span class=\"eael-tab-title title-after-icon\" >Optionen<\/span>                            \n                                                    <\/li>\n                    \n                                  <\/ul>\n            <\/div>\n            \n            <div class=\"eael-tabs-content\">\n\t\t        \n                    <div id=\"produktvielfalt-tab\" class=\"clearfix eael-tab-content-item inactive\" data-title-link=\"produktvielfalt-tab\">\n\t\t\t\t        <ul><li>Regenschirme<\/li><li>Schreibwaren (Kugelschreiber, Stifte)<\/li><li>Stempel<\/li><li>Zollst\u00f6cke<\/li><li>Feuerzeuge<\/li><li>Tassen, Gl\u00e4ser etc.\u00a0<\/li><li>Tischkalender<\/li><li>Schilder<\/li><li>Bierdeckel<\/li><li>Gummib\u00e4rchen<\/li><li>Taschenmesser<\/li><li>Flaschen\u00f6ffner<\/li><li>USB Sticks<\/li><\/ul><p>Und viele weitere Produkte, die zu veredeln sind!<\/p>                    <\/div>\n\t\t        \n                    <div id=\"optionen-tab\" class=\"clearfix eael-tab-content-item inactive\" data-title-link=\"optionen-tab\">\n\t\t\t\t        <p><strong>Gut zu wissen:\u00a0<\/strong><br \/>F\u00fcr unsere Werbemittel nutzen wir in aller Regel die <strong>Lasergravur<\/strong> oder den <strong>UV-Druck<\/strong> im 4-farbigen CMYK mit Wei\u00df- und Primer-Unterdruck. Andere Werbemittel k\u00f6nnen auch mit herk\u00f6mmlichen Druckverfahren veredelt\u00a0 oder gedruckt werden. So sorgen wir daf\u00fcr, dass wir eine Vielfalt an Werbemitteln abgedecken und ihr eine gro\u00dfe Auswahl bekommt!<\/p>                    <\/div>\n\t\t                    <\/div>\n        <\/div>\n\t\t\t\t<\/div>\n\t\t\t\t\t<\/div>\n\t\t\t\t<\/div>\n\t\t<div class=\"elementor-element elementor-element-23ab184 e-flex e-con-boxed e-con e-parent\" data-id=\"23ab184\" data-element_type=\"container\" data-e-type=\"container\">\n\t\t\t\t\t<div class=\"e-con-inner\">\n\t\t\t\t<div class=\"elementor-element elementor-element-2a4bf7b elementor-widget elementor-widget-spacer\" data-id=\"2a4bf7b\" data-element_type=\"widget\" data-e-type=\"widget\" data-widget_type=\"spacer.default\">\n\t\t\t\t\t\t\t<div class=\"elementor-spacer\">\n\t\t\t<div class=\"elementor-spacer-inner\"><\/div>\n\t\t<\/div>\n\t\t\t\t\t\t<\/div>\n\t\t\t\t\t<\/div>\n\t\t\t\t<\/div>\n\t\t<div class=\"elementor-element elementor-element-43b265d e-flex e-con-boxed e-con e-parent\" data-id=\"43b265d\" data-element_type=\"container\" data-e-type=\"container\">\n\t\t\t\t\t<div class=\"e-con-inner\">\n\t\t<div class=\"elementor-element elementor-element-930cde6 e-con-full e-flex e-con e-child\" data-id=\"930cde6\" data-element_type=\"container\" data-e-type=\"container\">\n\t\t\t\t<div class=\"elementor-element elementor-element-fadc062 elementor-invisible elementor-widget elementor-widget-image\" data-id=\"fadc062\" data-element_type=\"widget\" data-e-type=\"widget\" data-settings=\"{&quot;_animation&quot;:&quot;fadeInLeft&quot;}\" data-widget_type=\"image.default\">\n\t\t\t\t\t\t\t\t\t\t\t\t\t\t\t<img decoding=\"async\" data-attachment-id=\"1679\" data-permalink=\"https:\/\/druckerei-kempf.de\/index.php\/werbemittel\/laser\/\" data-orig-file=\"https:\/\/i0.wp.com\/druckerei-kempf.de\/wp-content\/uploads\/2025\/11\/Laser-scaled.jpg?fit=2560%2C1708&amp;ssl=1\" data-orig-size=\"2560,1708\" data-comments-opened=\"1\" data-image-meta=\"{&quot;aperture&quot;:&quot;0&quot;,&quot;credit&quot;:&quot;&quot;,&quot;camera&quot;:&quot;&quot;,&quot;caption&quot;:&quot;&quot;,&quot;created_timestamp&quot;:&quot;0&quot;,&quot;copyright&quot;:&quot;&quot;,&quot;focal_length&quot;:&quot;0&quot;,&quot;iso&quot;:&quot;0&quot;,&quot;shutter_speed&quot;:&quot;0&quot;,&quot;title&quot;:&quot;&quot;,&quot;orientation&quot;:&quot;0&quot;}\" data-image-title=\"Laser\" data-image-description=\"\" data-image-caption=\"\" data-large-file=\"https:\/\/i0.wp.com\/druckerei-kempf.de\/wp-content\/uploads\/2025\/11\/Laser-scaled.jpg?fit=1024%2C683&amp;ssl=1\" width=\"1024\" height=\"683\" src=\"https:\/\/i0.wp.com\/druckerei-kempf.de\/wp-content\/uploads\/2025\/11\/Laser-scaled.jpg?fit=1024%2C683&amp;ssl=1\" class=\"attachment-large size-large wp-image-1679\" alt=\"\" srcset=\"https:\/\/i0.wp.com\/druckerei-kempf.de\/wp-content\/uploads\/2025\/11\/Laser-scaled.jpg?w=2560&amp;ssl=1 2560w, https:\/\/i0.wp.com\/druckerei-kempf.de\/wp-content\/uploads\/2025\/11\/Laser-scaled.jpg?resize=300%2C200&amp;ssl=1 300w, https:\/\/i0.wp.com\/druckerei-kempf.de\/wp-content\/uploads\/2025\/11\/Laser-scaled.jpg?resize=1024%2C683&amp;ssl=1 1024w, https:\/\/i0.wp.com\/druckerei-kempf.de\/wp-content\/uploads\/2025\/11\/Laser-scaled.jpg?resize=768%2C512&amp;ssl=1 768w, https:\/\/i0.wp.com\/druckerei-kempf.de\/wp-content\/uploads\/2025\/11\/Laser-scaled.jpg?resize=1536%2C1025&amp;ssl=1 1536w, https:\/\/i0.wp.com\/druckerei-kempf.de\/wp-content\/uploads\/2025\/11\/Laser-scaled.jpg?resize=2048%2C1366&amp;ssl=1 2048w, https:\/\/i0.wp.com\/druckerei-kempf.de\/wp-content\/uploads\/2025\/11\/Laser-scaled.jpg?w=2400&amp;ssl=1 2400w\" sizes=\"(max-width: 1024px) 100vw, 1024px\" data-attachment-id=\"1679\" data-permalink=\"https:\/\/druckerei-kempf.de\/index.php\/werbemittel\/laser\/\" data-orig-file=\"https:\/\/i0.wp.com\/druckerei-kempf.de\/wp-content\/uploads\/2025\/11\/Laser-scaled.jpg?fit=2560%2C1708&amp;ssl=1\" data-orig-size=\"2560,1708\" data-comments-opened=\"1\" data-image-meta=\"{&quot;aperture&quot;:&quot;0&quot;,&quot;credit&quot;:&quot;&quot;,&quot;camera&quot;:&quot;&quot;,&quot;caption&quot;:&quot;&quot;,&quot;created_timestamp&quot;:&quot;0&quot;,&quot;copyright&quot;:&quot;&quot;,&quot;focal_length&quot;:&quot;0&quot;,&quot;iso&quot;:&quot;0&quot;,&quot;shutter_speed&quot;:&quot;0&quot;,&quot;title&quot;:&quot;&quot;,&quot;orientation&quot;:&quot;0&quot;}\" data-image-title=\"Laser\" data-image-description=\"\" data-image-caption=\"\" data-large-file=\"https:\/\/i0.wp.com\/druckerei-kempf.de\/wp-content\/uploads\/2025\/11\/Laser-scaled.jpg?fit=1024%2C683&amp;ssl=1\" \/>\t\t\t\t\t\t\t\t\t\t\t\t\t\t\t<\/div>\n\t\t\t\t<\/div>\n\t\t<div class=\"elementor-element elementor-element-5e9682b e-con-full e-flex e-con e-child\" data-id=\"5e9682b\" data-element_type=\"container\" data-e-type=\"container\">\n\t\t\t\t<div class=\"elementor-element elementor-element-e025db0 elementor-widget elementor-widget-text-editor\" data-id=\"e025db0\" data-element_type=\"widget\" data-e-type=\"widget\" data-widget_type=\"text-editor.default\">\n\t\t\t\t\t\t\t\t\t<p>Wichtig ist, dass Werbemittel nicht nur gut aussehen, sondern auch praktisch sind. Nur so bleiben sie im Alltag pr\u00e4sent und schaffen Sympathie.<\/p><p>Egal ob kleinere oder gro\u00dfe St\u00fcckzahlen, wir drucken Deine Werbemittel gerne und achten auch auf nachhaltige und langlebige Produkte.<\/p><p>Frag uns gerne, wenn Du eine Anfrage hast oder Beratung m\u00f6chtest.<\/p>\t\t\t\t\t\t\t\t<\/div>\n\t\t\t\t<\/div>\n\t\t\t\t\t<\/div>\n\t\t\t\t<\/div>\n\t\t\t\t<\/div>\n\t\t","protected":false},"excerpt":{"rendered":"<p>Werbemittel Werbemittel Werbemittel sind praktische Alltagshelfer (auch als Streu-, und Promotionartikel bekannt), die mit einem Logo, Slogan oder Design versehen werden. Sie sorgen daf\u00fcr, dass Deine Botschaft oder Marke im Alltag sichtbar bleibt und einen bleibenden Eindruck hinterl\u00e4sst. Ob Stempel, Feuerzeuge, Zollst\u00f6cke oder Gl\u00e4ser: Werbemittel sind vielseitig und passen zu jedem Anlass. Dabei arbeiten wir [&hellip;]<\/p>\n","protected":false},"author":1,"featured_media":0,"parent":0,"menu_order":0,"comment_status":"closed","ping_status":"closed","template":"","meta":{"_eb_attr":"","om_disable_all_campaigns":false,"_monsterinsights_skip_tracking":false,"_monsterinsights_sitenote_active":false,"_monsterinsights_sitenote_note":"","_monsterinsights_sitenote_category":0,"ocean_post_layout":"","ocean_both_sidebars_style":"","ocean_both_sidebars_content_width":0,"ocean_both_sidebars_sidebars_width":0,"ocean_sidebar":"","ocean_second_sidebar":"","ocean_disable_margins":"enable","ocean_add_body_class":"","ocean_shortcode_before_top_bar":"","ocean_shortcode_after_top_bar":"","ocean_shortcode_before_header":"","ocean_shortcode_after_header":"","ocean_has_shortcode":"","ocean_shortcode_after_title":"","ocean_shortcode_before_footer_widgets":"","ocean_shortcode_after_footer_widgets":"","ocean_shortcode_before_footer_bottom":"","ocean_shortcode_after_footer_bottom":"","ocean_display_top_bar":"default","ocean_display_header":"default","ocean_header_style":"","ocean_center_header_left_menu":"","ocean_custom_header_template":"","ocean_custom_logo":0,"ocean_custom_retina_logo":0,"ocean_custom_logo_max_width":0,"ocean_custom_logo_tablet_max_width":0,"ocean_custom_logo_mobile_max_width":0,"ocean_custom_logo_max_height":0,"ocean_custom_logo_tablet_max_height":0,"ocean_custom_logo_mobile_max_height":0,"ocean_header_custom_menu":"","ocean_menu_typo_font_family":"","ocean_menu_typo_font_subset":"","ocean_menu_typo_font_size":0,"ocean_menu_typo_font_size_tablet":0,"ocean_menu_typo_font_size_mobile":0,"ocean_menu_typo_font_size_unit":"px","ocean_menu_typo_font_weight":"","ocean_menu_typo_font_weight_tablet":"","ocean_menu_typo_font_weight_mobile":"","ocean_menu_typo_transform":"","ocean_menu_typo_transform_tablet":"","ocean_menu_typo_transform_mobile":"","ocean_menu_typo_line_height":0,"ocean_menu_typo_line_height_tablet":0,"ocean_menu_typo_line_height_mobile":0,"ocean_menu_typo_line_height_unit":"","ocean_menu_typo_spacing":0,"ocean_menu_typo_spacing_tablet":0,"ocean_menu_typo_spacing_mobile":0,"ocean_menu_typo_spacing_unit":"","ocean_menu_link_color":"","ocean_menu_link_color_hover":"","ocean_menu_link_color_active":"","ocean_menu_link_background":"","ocean_menu_link_hover_background":"","ocean_menu_link_active_background":"","ocean_menu_social_links_bg":"","ocean_menu_social_hover_links_bg":"","ocean_menu_social_links_color":"","ocean_menu_social_hover_links_color":"","ocean_disable_title":"default","ocean_disable_heading":"default","ocean_post_title":"","ocean_post_subheading":"","ocean_post_title_style":"","ocean_post_title_background_color":"","ocean_post_title_background":0,"ocean_post_title_bg_image_position":"","ocean_post_title_bg_image_attachment":"","ocean_post_title_bg_image_repeat":"","ocean_post_title_bg_image_size":"","ocean_post_title_height":0,"ocean_post_title_bg_overlay":0.5,"ocean_post_title_bg_overlay_color":"","ocean_disable_breadcrumbs":"default","ocean_breadcrumbs_color":"","ocean_breadcrumbs_separator_color":"","ocean_breadcrumbs_links_color":"","ocean_breadcrumbs_links_hover_color":"","ocean_display_footer_widgets":"default","ocean_display_footer_bottom":"default","ocean_custom_footer_template":"","footnotes":""},"class_list":["post-64","page","type-page","status-publish","hentry","entry"],"aioseo_notices":[],"jetpack_sharing_enabled":true,"_links":{"self":[{"href":"https:\/\/druckerei-kempf.de\/index.php\/wp-json\/wp\/v2\/pages\/64","targetHints":{"allow":["GET"]}}],"collection":[{"href":"https:\/\/druckerei-kempf.de\/index.php\/wp-json\/wp\/v2\/pages"}],"about":[{"href":"https:\/\/druckerei-kempf.de\/index.php\/wp-json\/wp\/v2\/types\/page"}],"author":[{"embeddable":true,"href":"https:\/\/druckerei-kempf.de\/index.php\/wp-json\/wp\/v2\/users\/1"}],"replies":[{"embeddable":true,"href":"https:\/\/druckerei-kempf.de\/index.php\/wp-json\/wp\/v2\/comments?post=64"}],"version-history":[{"count":24,"href":"https:\/\/druckerei-kempf.de\/index.php\/wp-json\/wp\/v2\/pages\/64\/revisions"}],"predecessor-version":[{"id":2789,"href":"https:\/\/druckerei-kempf.de\/index.php\/wp-json\/wp\/v2\/pages\/64\/revisions\/2789"}],"wp:attachment":[{"href":"https:\/\/druckerei-kempf.de\/index.php\/wp-json\/wp\/v2\/media?parent=64"}],"curies":[{"name":"wp","href":"https:\/\/api.w.org\/{rel}","templated":true}]}}